{"id":99,"date":"2019-01-29T13:12:12","date_gmt":"2019-01-29T12:12:12","guid":{"rendered":"https:\/\/wp.udh-bayern.de\/?page_id=99"},"modified":"2025-11-18T09:30:01","modified_gmt":"2025-11-18T08:30:01","slug":"leistungen","status":"publish","type":"page","link":"https:\/\/udh-bayern.de\/index.php\/leistungen\/","title":{"rendered":"Leistungen"},"content":{"rendered":"<p>&nbsp;<\/p>\n<h3>Was k\u00f6nnen wir f\u00fcr Sie tun?<\/h3>\n<p><strong>Wir beraten Mitglieder bei wichtigen Berufsfragen des Heilpraktikers, wie z.B.:<\/strong><\/p>\n<ul>\n<li>Beratung bei Praxiser\u00f6ffnung<\/li>\n<li>Vermittlung von Praktikantenpl\u00e4tzen f\u00fcr Berufsanf\u00e4nger in Vollzeitpraxen<\/li>\n<li>Beratung von Kollegen bei generellen Fragen zu ihrer Berufsaus\u00fcbung<\/li>\n<li>Hilfe bei Versicherungs &#8211; Anschreiben<\/li>\n<li>Aktuelle Gesetzes\u00e4nderungen<\/li>\n<li>Weiterbildung durch ein qualifiziertes, stetig wachsendes Aus- und Fachfortbildungsangebot z.B.: Notfall Training nach den aktuellen Leitlinien durch zertifizierte Dozenten<\/li>\n<li>Vermittlung von juristischer Beratung in Problemf\u00e4llen<\/li>\n<\/ul>\n<p>&nbsp;<\/p>\n<p>Durch die Integration als Landesverband im Bundesverband sind wir an den <strong>Dachverband Deutscher Heilpraktikerverb\u00e4nde e.V.<\/strong> angebunden. Dies bedeutet f\u00fcr unsere Mitglieder Qualit\u00e4tssicherung, Informationssicherung und Vertretung aller berufspolitischen Belange.<\/p>\n<hr \/>\n<h4>Hilfe bei Abrechnungen<\/h4>\n<p>Der Verband veranstaltet regelm\u00e4\u00dfig Seminare f\u00fcr Abrechnungsfragen. Die Abrechnungs &#8211; Spezialistin Brigitte Wimmer, Verfasserin des Kommentars zur Geb\u00fcH &#8222;Der Wimmer&#8220;, ist dabei f\u00fcr unsere Mitglieder ein unersetzbarer Ansprechpartner.<\/p>\n<hr \/>\n<h4>Wenn Sie Fragen haben<\/h4>\n<p>Wir versuchen immer am Dienstag in der Zeit von 15:00 bis 18:00 Uhr f\u00fcr Sie erreichbar zu sein. Wenn der Anrufbeantworter aktiviert ist, kann es gut sein, dass wir gerade in einem anderen Telefonat sind. Hinterlassen Sie gerne Ihren Namen und Ihre Nummer, dann rufen wir Sie zur\u00fcck oder senden Sie uns eine<br \/>\nE-Mail an <a class=\"cm_anchor\" href=\"mailto:info@udh-bayern.de\">info(at)udh-bayern.de\u00a0<\/a><\/p>\n<p>Telefonisch erreichen Sie uns unter: 0160 &#8211; 424 99 23<\/p>\n","protected":false},"excerpt":{"rendered":"<p>&nbsp; Was k\u00f6nnen wir f\u00fcr Sie tun? Wir beraten Mitglieder bei wichtigen Berufsfragen des Heilpraktikers, wie z.B.: Beratung bei Praxiser\u00f6ffnung Vermittlung von Praktikantenpl\u00e4tzen f\u00fcr Berufsanf\u00e4nger in Vollzeitpraxen Beratung von Kollegen bei generellen Fragen zu ihrer Berufsaus\u00fcbung Hilfe bei Versicherungs &#8211; Anschreiben Aktuelle Gesetzes\u00e4nderungen Weiterbildung durch ein qualifiziertes, stetig wachsendes Aus- und Fachfortbildungsangebot z.B.: Notfall Training [&hellip;]<\/p>\n","protected":false},"author":2,"featured_media":0,"parent":0,"menu_order":0,"comment_status":"closed","ping_status":"closed","template":"","meta":{"footnotes":""},"class_list":["post-99","page","type-page","status-publish","hentry"],"_links":{"self":[{"href":"https:\/\/udh-bayern.de\/index.php\/wp-json\/wp\/v2\/pages\/99","targetHints":{"allow":["GET"]}}],"collection":[{"href":"https:\/\/udh-bayern.de\/index.php\/wp-json\/wp\/v2\/pages"}],"about":[{"href":"https:\/\/udh-bayern.de\/index.php\/wp-json\/wp\/v2\/types\/page"}],"author":[{"embeddable":true,"href":"https:\/\/udh-bayern.de\/index.php\/wp-json\/wp\/v2\/users\/2"}],"replies":[{"embeddable":true,"href":"https:\/\/udh-bayern.de\/index.php\/wp-json\/wp\/v2\/comments?post=99"}],"version-history":[{"count":15,"href":"https:\/\/udh-bayern.de\/index.php\/wp-json\/wp\/v2\/pages\/99\/revisions"}],"predecessor-version":[{"id":4711,"href":"https:\/\/udh-bayern.de\/index.php\/wp-json\/wp\/v2\/pages\/99\/revisions\/4711"}],"wp:attachment":[{"href":"https:\/\/udh-bayern.de\/index.php\/wp-json\/wp\/v2\/media?parent=99"}],"curies":[{"name":"wp","href":"https:\/\/api.w.org\/{rel}","templated":true}]}}