{"id":97,"date":"2019-01-29T13:12:06","date_gmt":"2019-01-29T12:12:06","guid":{"rendered":"https:\/\/wp.udh-bayern.de\/?page_id=97"},"modified":"2025-11-23T13:11:29","modified_gmt":"2025-11-23T12:11:29","slug":"mitglied-werden","status":"publish","type":"page","link":"https:\/\/udh-bayern.de\/index.php\/mitglied-werden\/","title":{"rendered":"Mitglied werden!"},"content":{"rendered":"\t\t<div data-elementor-type=\"wp-post\" data-elementor-id=\"97\" class=\"elementor elementor-97\" data-elementor-post-type=\"page\">\n\t\t\t\t\t\t<section class=\"elementor-section elementor-top-section elementor-element elementor-element-9a18b62 elementor-section-boxed elementor-section-height-default elementor-section-height-default\" data-id=\"9a18b62\" data-element_type=\"section\" data-e-type=\"section\">\n\t\t\t\t\t\t<div class=\"elementor-container elementor-column-gap-default\">\n\t\t\t\t\t<div class=\"elementor-column elementor-col-100 elementor-top-column elementor-element elementor-element-35e01702\" data-id=\"35e01702\" data-element_type=\"column\" data-e-type=\"column\">\n\t\t\t<div class=\"elementor-widget-wrap elementor-element-populated\">\n\t\t\t\t\t\t<div class=\"elementor-element elementor-element-331e2ca7 elementor-widget elementor-widget-text-editor\" data-id=\"331e2ca7\" data-element_type=\"widget\" data-e-type=\"widget\" data-widget_type=\"text-editor.default\">\n\t\t\t\t<div class=\"elementor-widget-container\">\n\t\t\t\t\t\t\t\t\t<p><a href=\"https:\/\/udh-bayern.de\/wp-content\/uploads\/2025\/11\/MV-001-2025-Mitgliedsantrag-komplett.pdf\" target=\"_blank\" rel=\"noopener\">Direkt zum Mitgliedsantrag<\/a><\/p><p>Die UDH-Landesverband Bayern e.V. unterscheidet zwischen ordentlichen Mitgliedern, au\u00dferordentlichen Mitgliedern und F\u00f6rdermitgliedern.<\/p><p><strong>Die einmalige Aufnahmegeb\u00fchr betr\u00e4gt 45,00 Euro<\/strong><\/p><p><strong>\u00a0<\/strong><\/p><p><strong>Ordentliche Mitglieder<\/strong><\/p><ul><li>besitzen eine Erlaubnis zur Aus\u00fcbung der Heilkunde ohne Bestallung gem\u00e4\u00df \u00a71 HPG<\/li><li>bzw. analog geltend eine Erlaubnis zur Aus\u00fcbung der Heilkunde mit Beschr\u00e4nkung auf das Gebiet der Psychotherapie<\/li><li>Der j\u00e4hrliche Mitgliedsbeitrag betr\u00e4gt 240,-\u20ac (ordentliche Mitglieder)<\/li><li>ordentliche Mitglieder haben Stimmrecht<\/li><\/ul><div><p>Ordentliche Mitglieder <b>nach Praxisgr\u00fcndung im ersten Jahr<\/b><\/p><\/div><ul><li>bitte beachten Sie unser Angebot f\u00fcr Praxisbeginner: 120,-\u20ac im ersten Jahr Ihrer Mitgliedschaft<br \/><b>bei voller Leistung von uns<\/b> als Verband.\u00a0<\/li><li>mit Stimmrecht<\/li><\/ul><div>\u00a0<\/div><p><strong>Au\u00dferordentliche Mitglieder<\/strong><\/p><ul><li>sind in Vorbereitung auf die \u00dcberpr\u00fcfung zum Heilpraktiker \/ -in.<\/li><li>j\u00e4hrlicher Mitgliedsbeitrag betr\u00e4gt 120,-\u20ac (au\u00dferordentliche Mitglieder)<\/li><li>au\u00dferordentliche Mitglieder haben kein Stimmrecht<\/li><\/ul><div>\u00a0<\/div><p><strong>Private F\u00f6rdermitglieder<\/strong><\/p><ul><li>unterst\u00fctzen den UDH &#8211; Landesverband Bayern e.V. finanziell.<\/li><li>Der j\u00e4hrliche Mitgliedbeitrag betr\u00e4gt 120,-\u20ac\u00a0<\/li><li>F\u00f6rdermitglieder haben kein Stimmrecht<\/li><\/ul><div>\u00a0<\/div><div><b>Unternehmen \/ Gewerbe als F\u00f6rdermitglieder<\/b><\/div><ul><li style=\"font-size: 16px;\">unterst\u00fctzen den UDH &#8211; Landesverband Bayern e.V. finanziell.<\/li><li style=\"font-size: 16px;\">Die H\u00f6he des Beitrages wird frei verhandelt und ist in der Regel als Betriebsausgabe absetzbar\u00a0<\/li><li>kein Stimmrecht<\/li><\/ul><div>\u00a0<\/div><p><span style=\"text-decoration: underline;\"><strong>Und so funktioniert es:<\/strong><\/span><\/p><p><strong style=\"font-size: 16px; color: var( --e-global-color-text ); font-family: var( --e-global-typography-text-font-family ), Sans-serif;\">Anmeldeformular herunterladen und ausf\u00fcllen, dann bitte Unterschreiben und als Brief oder elektronisch an uns sende<\/strong><\/p><p><a href=\"https:\/\/udh-bayern.de\/wp-content\/uploads\/2025\/11\/MV-001-2025-Mitgliedsantrag-komplett.pdf\" target=\"_blank\" rel=\"noopener\">Hier geht es zum Mitgliedsantrag<\/a><\/p><p><strong>\u00a0 \u00a0<\/strong><\/p><p>F\u00fcr Fragen stehen wir gerne zur Verf\u00fcgung.<\/p>\t\t\t\t\t\t\t\t<\/div>\n\t\t\t\t<\/div>\n\t\t\t\t\t<\/div>\n\t\t<\/div>\n\t\t\t\t\t<\/div>\n\t\t<\/section>\n\t\t\t\t<\/div>\n\t\t","protected":false},"excerpt":{"rendered":"<p>Direkt zum Mitgliedsantrag Die UDH-Landesverband Bayern e.V. unterscheidet zwischen ordentlichen Mitgliedern, au\u00dferordentlichen Mitgliedern und F\u00f6rdermitgliedern. Die einmalige Aufnahmegeb\u00fchr betr\u00e4gt 45,00 Euro \u00a0 Ordentliche Mitglieder besitzen eine Erlaubnis zur Aus\u00fcbung der Heilkunde ohne Bestallung gem\u00e4\u00df \u00a71 HPG bzw. analog geltend eine Erlaubnis zur Aus\u00fcbung der Heilkunde mit Beschr\u00e4nkung auf das Gebiet der Psychotherapie Der j\u00e4hrliche Mitgliedsbeitrag [&hellip;]<\/p>\n","protected":false},"author":2,"featured_media":0,"parent":0,"menu_order":0,"comment_status":"closed","ping_status":"closed","template":"","meta":{"footnotes":""},"class_list":["post-97","page","type-page","status-publish","hentry"],"_links":{"self":[{"href":"https:\/\/udh-bayern.de\/index.php\/wp-json\/wp\/v2\/pages\/97","targetHints":{"allow":["GET"]}}],"collection":[{"href":"https:\/\/udh-bayern.de\/index.php\/wp-json\/wp\/v2\/pages"}],"about":[{"href":"https:\/\/udh-bayern.de\/index.php\/wp-json\/wp\/v2\/types\/page"}],"author":[{"embeddable":true,"href":"https:\/\/udh-bayern.de\/index.php\/wp-json\/wp\/v2\/users\/2"}],"replies":[{"embeddable":true,"href":"https:\/\/udh-bayern.de\/index.php\/wp-json\/wp\/v2\/comments?post=97"}],"version-history":[{"count":89,"href":"https:\/\/udh-bayern.de\/index.php\/wp-json\/wp\/v2\/pages\/97\/revisions"}],"predecessor-version":[{"id":4837,"href":"https:\/\/udh-bayern.de\/index.php\/wp-json\/wp\/v2\/pages\/97\/revisions\/4837"}],"wp:attachment":[{"href":"https:\/\/udh-bayern.de\/index.php\/wp-json\/wp\/v2\/media?parent=97"}],"curies":[{"name":"wp","href":"https:\/\/api.w.org\/{rel}","templated":true}]}}