{"id":106,"date":"2019-01-29T13:12:34","date_gmt":"2019-01-29T12:12:34","guid":{"rendered":"https:\/\/wp.udh-bayern.de\/?page_id=106"},"modified":"2022-06-30T13:53:40","modified_gmt":"2022-06-30T11:53:40","slug":"kooperationspartner","status":"publish","type":"page","link":"https:\/\/udh-bayern.de\/index.php\/kooperationspartner\/","title":{"rendered":"Kooperationspartner"},"content":{"rendered":"<p>Die <strong>UDH-Landesverband Bayern e.V.<\/strong> arbeitet zukunftsorientiert f\u00fcr den Berufsstand der Heilpraktiker. Hierzu geh\u00f6ren auch Verbindungen mit fachspezifischen Verb\u00e4nden,\u00a0 Ausbildungsinstituten und so weiter, um gemeinsame Qualit\u00e4tssicherheit zu schaffen.<\/p>\n<p>&nbsp;<\/p>\n<h3>Unser Kooperationspartner f\u00fcr den Bereich Osteopathie<strong><br \/>\n<\/strong><\/h3>\n<p><a class=\"cm_anchor\" href=\"http:\/\/www.hpo-osteopathie.de\" target=\"_blank\" rel=\"noopener noreferrer\">hpO &#8211; Berufsvereinigung f\u00fcr heilkundlich praktizierte Osteopathie e.V.<\/a><\/p>\n<p>&nbsp;<\/p>\n<h3>Unser Kooperationspartner in Sachen Ausbildung<\/h3>\n<p>Die Heilpraktiker-Pr\u00fcfungs-Spezialisten Manuela Amelung und Markus Schmid<\/p>\n<p><a href=\"https:\/\/d2hp.de\">weiter zur Heilpraktiker-Schule<\/a><\/p>\n<p>&nbsp;<\/p>\n<h3>Unsere Kooperationspartnerin in Sachen, Website, Marketing, Webinare und Seminare<\/h3>\n<p>Mit Claudia H\u00f6nig, Gesch\u00e4ftsf\u00fchrerin der Unternehmensberatung Erfolg in Heilberufen stehen wir in einem f\u00fcr beide Seiten bereichernden Austausch.<\/p>\n<p><a href=\"https:\/\/www.erfolg-in-heilberufen.de\/\">https:\/\/www.erfolg-in-heilberufen.de\/<\/a><\/p>\n","protected":false},"excerpt":{"rendered":"<p>Die UDH-Landesverband Bayern e.V. arbeitet zukunftsorientiert f\u00fcr den Berufsstand der Heilpraktiker. Hierzu geh\u00f6ren auch Verbindungen mit fachspezifischen Verb\u00e4nden,\u00a0 Ausbildungsinstituten und so weiter, um gemeinsame Qualit\u00e4tssicherheit zu schaffen. &nbsp; Unser Kooperationspartner f\u00fcr den Bereich Osteopathie hpO &#8211; Berufsvereinigung f\u00fcr heilkundlich praktizierte Osteopathie e.V. &nbsp; Unser Kooperationspartner in Sachen Ausbildung Die Heilpraktiker-Pr\u00fcfungs-Spezialisten Manuela Amelung und Markus Schmid [&hellip;]<\/p>\n","protected":false},"author":2,"featured_media":0,"parent":0,"menu_order":0,"comment_status":"closed","ping_status":"closed","template":"","meta":{"footnotes":""},"class_list":["post-106","page","type-page","status-publish","hentry"],"_links":{"self":[{"href":"https:\/\/udh-bayern.de\/index.php\/wp-json\/wp\/v2\/pages\/106","targetHints":{"allow":["GET"]}}],"collection":[{"href":"https:\/\/udh-bayern.de\/index.php\/wp-json\/wp\/v2\/pages"}],"about":[{"href":"https:\/\/udh-bayern.de\/index.php\/wp-json\/wp\/v2\/types\/page"}],"author":[{"embeddable":true,"href":"https:\/\/udh-bayern.de\/index.php\/wp-json\/wp\/v2\/users\/2"}],"replies":[{"embeddable":true,"href":"https:\/\/udh-bayern.de\/index.php\/wp-json\/wp\/v2\/comments?post=106"}],"version-history":[{"count":13,"href":"https:\/\/udh-bayern.de\/index.php\/wp-json\/wp\/v2\/pages\/106\/revisions"}],"predecessor-version":[{"id":2282,"href":"https:\/\/udh-bayern.de\/index.php\/wp-json\/wp\/v2\/pages\/106\/revisions\/2282"}],"wp:attachment":[{"href":"https:\/\/udh-bayern.de\/index.php\/wp-json\/wp\/v2\/media?parent=106"}],"curies":[{"name":"wp","href":"https:\/\/api.w.org\/{rel}","templated":true}]}}